{"id":179,"date":"2023-10-10T07:40:19","date_gmt":"2023-10-10T07:40:19","guid":{"rendered":"https:\/\/pavillon-mercurol.com\/produits\/"},"modified":"2023-12-05T16:34:29","modified_gmt":"2023-12-05T16:34:29","slug":"produits","status":"publish","type":"page","link":"https:\/\/pavillon-mercurol.com\/fr\/produits\/","title":{"rendered":"Les Vins"},"content":{"rendered":"<div class=\"wpb-content-wrapper\"><p>[vc_section full_width=\u00a0\u00bbstretch_row\u00a0\u00bb el_class=\u00a0\u00bbblock-22 c1-bg\u00a0\u00bb][vc_row full_width=\u00a0\u00bbstretch_row\u00a0\u00bb css=\u00a0\u00bb.vc_custom_1696239619653{background-image: url(https:\/\/familleaudibert.com\/wp-content\/uploads\/2023\/10\/Header-2.jpg?id=415) !important;background-position: center !important;background-repeat: no-repeat !important;background-size: cover !important;}\u00a0\u00bb el_class=\u00a0\u00bbheading-row\u00a0\u00bb][vc_column][vc_column_text el_class=\u00a0\u00bbbreadcrumbs\u00a0\u00bb]<span><span><a href=\"https:\/\/pavillon-mercurol.com\/fr\/\">Home<\/a><\/span><\/span>[\/vc_column_text][vc_column_text el_class=\u00a0\u00bbsection-title\u00a0\u00bb]<span class=\"f1\">LES VINS<\/span>[\/vc_column_text][\/vc_column][\/vc_row][vc_row el_class=\u00a0\u00bbscroll-row\u00a0\u00bb][vc_column][vc_column_text el_class=\u00a0\u00bbscroll-text\u00a0\u00bb]<\/p>\n<p style=\"text-align: center\"><span class=\"f1\"><span class=\"f1 c3\">D\u00e9couvrez<\/span> <span class=\"f1 c4\">nos vins<\/span><\/span><\/p>\n<p>[\/vc_column_text][\/vc_column][\/vc_row][\/vc_section][vc_section full_width=\u00a0\u00bbstretch_row\u00a0\u00bb el_class=\u00a0\u00bbblock-1 v-2-text-right c1-bg\u00a0\u00bb][vc_row equal_height=\u00a0\u00bbyes\u00a0\u00bb][vc_column width=\u00a0\u00bb1\/2&Prime; el_class=\u00a0\u00bbmy-col-1&Prime;][vc_row_inner equal_height=\u00a0\u00bbyes\u00a0\u00bb][vc_column_inner el_class=\u00a0\u00bbmy-sub-col-1&Prime; width=\u00a0\u00bb1\/2&Prime;][vc_single_image image=\u00a0\u00bb301&Prime; img_size=\u00a0\u00bbfull\u00a0\u00bb][\/vc_column_inner][vc_column_inner el_class=\u00a0\u00bbmy-sub-col-2&Prime; width=\u00a0\u00bb1\/2&Prime;][vc_single_image image=\u00a0\u00bb280&Prime; img_size=\u00a0\u00bbfull\u00a0\u00bb][\/vc_column_inner][\/vc_row_inner][\/vc_column][vc_column width=\u00a0\u00bb1\/2&Prime; el_class=\u00a0\u00bbmy-col-2&Prime;][vc_column_text el_class=\u00a0\u00bbtitle\u00a0\u00bb]<span class=\"f1 c3\">notre<\/span><br \/>\n<span class=\"f1 c4\">philosophie<\/span>[\/vc_column_text][vc_column_text el_class=\u00a0\u00bbtext\u00a0\u00bb]<span class=\"f2\">Pour produire de grands vins nous croyons au mariage harmonieux d\u2019un terroir et d\u2019un raisin d\u2019exception, conditions r\u00e9unies et sublim\u00e9es par une vinification traditionnelle minutieuse.<\/span>[\/vc_column_text][\/vc_column][\/vc_row][\/vc_section][vc_section full_width=\u00a0\u00bbstretch_row\u00a0\u00bb el_class=\u00a0\u00bbblock-9-v2-small-img c1-bg\u00a0\u00bb][vc_row equal_height=\u00a0\u00bbyes\u00a0\u00bb content_placement=\u00a0\u00bbmiddle\u00a0\u00bb][vc_column width=\u00a0\u00bb1\/2&Prime; el_class=\u00a0\u00bbtext-col\u00a0\u00bb][vc_column_text el_class=\u00a0\u00bbtitle\u00a0\u00bb]<span class=\"f1 c3\">Nos<\/span><br \/>\n<span class=\"f1 c4\">cuv\u00e9es<\/span>[\/vc_column_text][vc_column_text el_class=\u00a0\u00bbtext\u00a0\u00bb]<span class=\"f2\">Nos raisins sont vendang\u00e9s \u00e0 la main et m\u00e9caniquement. Les raisins m\u00fbrissent \u00e0 l&rsquo;ombre de leurs feuilles et sont r\u00e9colt\u00e9s \u00e0 bonne maturit\u00e9 \u00e0 la fin de l&rsquo;\u00e9t\u00e9 avant d&rsquo;\u00eatre plac\u00e9 dans des cuves en ciment pour permettre une inertie thermique. Le vin fermente pendant trois semaines sans refroidir ce qui lui conf\u00e8re son ar\u00f4me naturel de qualit\u00e9 exceptionnelle et magnifie sa mati\u00e8re premi\u00e8re. Il est ensuite vieilli en f\u00fbts de ch\u00eane fran\u00e7ais pendant douze mois, pour apporter complexit\u00e9 aromatique et rondeur en bouche.<\/span><\/p>\n<p><span class=\"f2\">Nos vins sont complexes et intenses, regroup\u00e9s en deux cuv\u00e9es : Cuv\u00e9e Pavillon Rouge et Cuv\u00e9e Pavillon Blanc.<\/span>[\/vc_column_text][\/vc_column][vc_column width=\u00a0\u00bb1\/2&Prime; el_class=\u00a0\u00bbimg-col\u00a0\u00bb][vc_single_image image=\u00a0\u00bb303&Prime; img_size=\u00a0\u00bbfull\u00a0\u00bb el_class=\u00a0\u00bbimg-1&Prime;][vc_single_image image=\u00a0\u00bb305&Prime; img_size=\u00a0\u00bbfull\u00a0\u00bb el_class=\u00a0\u00bbimg-2&Prime;][\/vc_column][\/vc_row][\/vc_section][vc_section full_width=\u00a0\u00bbstretch_row_content\u00a0\u00bb el_class=\u00a0\u00bbblock-23 c1-bg\u00a0\u00bb][vc_row][vc_column]<div class=\"row products-row\">\n    <div class=\"col filter\">\n        <form class=\"filter-inner\">\n            <div class=\"title f1\">\n                <span class=\"c3\">nos<\/span>\n                <br>\n                <span class=\"c4\">vins<\/span>\n            <\/div>\n            <div class=\"filter-wrapper\">\n                <div class=\"filter-name c4 f1\">FILTRER PAR PRODUIT<\/div>\n                            <\/div>\n        <\/form>\n    <\/div>\n\n    <div class=\"col products\">\n        <div class=\"products-wrapper\">\n                            <div class=\"row\">\n                                    <div class=\"col-6 col-md-4\">\n                    \n<div class=\"product\">\n    <img decoding=\"async\" src=\"https:\/\/pavillon-mercurol.com\/wp-content\/uploads\/sites\/4\/2023\/12\/Pavillon-Blanc-2024.png\" alt=\"\">\n    <div class=\"product-domain f1\">Domaine du Pavillon<\/div>\n    <div class=\"product-title f2 c4\">AOP Crozes Hermitage<\/div>\n    <div class=\"product-info f2 c4\">2024 - 75cl - Blanc<\/div>\n    <div class=\"links\">\n        <a href=\"https:\/\/pavillon-mercurol.com\/fr\/products\/388\/\" class=\"view-more f2 c4 c3-border\">En savoir plus<\/a>\n        <a href=\"https:\/\/familleaudibert.plugwine.com\/vins\/domaine-du-pavillon-pavillon-blanc\/crozes-hermitage-blanc-2024\/47428\" class=\"external-link c4\" target=\"_blank\"><\/a>\n    <\/div>\n<\/div>\n                    <\/div>\n                                    <div class=\"col-6 col-md-4\">\n                    \n<div class=\"product\">\n    <img decoding=\"async\" src=\"https:\/\/pavillon-mercurol.com\/wp-content\/uploads\/sites\/4\/2023\/10\/Pavillon-Rouge-2024.png\" alt=\"\">\n    <div class=\"product-domain f1\">Domaine du Pavillon<\/div>\n    <div class=\"product-title f2 c4\">AOP Crozes Hermitage<\/div>\n    <div class=\"product-info f2 c4\">2024 - 75cl - Rouge<\/div>\n    <div class=\"links\">\n        <a href=\"https:\/\/pavillon-mercurol.com\/fr\/products\/aop-chateauneuf-du-pape\/\" class=\"view-more f2 c4 c3-border\">En savoir plus<\/a>\n        <a href=\"https:\/\/familleaudibert.plugwine.com\/vins\/domaine-du-pavillon-pavillon-rouge\/crozes-hermitage-rouge-2024\/47429\" class=\"external-link c4\" target=\"_blank\"><\/a>\n    <\/div>\n<\/div>\n                    <\/div>\n                                <\/div>\n                    <\/div>\n    <\/div>\n<\/div>[\/vc_column][\/vc_row][\/vc_section][vc_section full_width=\u00a0\u00bbstretch_row\u00a0\u00bb el_class=\u00a0\u00bbblock-8 c2-bg\u00a0\u00bb][vc_row equal_height=\u00a0\u00bbyes\u00a0\u00bb content_placement=\u00a0\u00bbmiddle\u00a0\u00bb][vc_column width=\u00a0\u00bb1\/2&Prime;][vc_column_text el_class=\u00a0\u00bbsection-title\u00a0\u00bb]<\/p>\n<p style=\"text-align: left\"><span class=\"f1 c3\">abonnez-vous \u00e0 la<\/span><br \/>\n<span class=\"f1 c4\">newsletter<\/span><\/p>\n<p>[\/vc_column_text][\/vc_column][vc_column width=\u00a0\u00bb1\/2&Prime;][vc_column_text el_class=\u00a0\u00bbform-desc\u00a0\u00bb]<span class=\"f2\">Recevez en avant-premi\u00e8re toute notre actualit\u00e9 ainsi que des offres exceptionnelles toute l\u2019ann\u00e9e.<\/span>[\/vc_column_text]\n<div class=\"wpcf7 no-js\" id=\"wpcf7-f144-o1\" lang=\"en-US\" dir=\"ltr\" data-wpcf7-id=\"144\">\n<div class=\"screen-reader-response\"><p role=\"status\" aria-live=\"polite\" aria-atomic=\"true\"><\/p> <ul><\/ul><\/div>\n<form action=\"\/fr\/wp-json\/wp\/v2\/pages\/179#wpcf7-f144-o1\" method=\"post\" class=\"wpcf7-form init\" aria-label=\"Contact form\" novalidate=\"novalidate\" data-status=\"init\">\n<fieldset class=\"hidden-fields-container\"><input type=\"hidden\" name=\"_wpcf7\" value=\"144\" \/><input type=\"hidden\" name=\"_wpcf7_version\" value=\"6.1.5\" \/><input type=\"hidden\" name=\"_wpcf7_locale\" value=\"en_US\" \/><input type=\"hidden\" name=\"_wpcf7_unit_tag\" value=\"wpcf7-f144-o1\" \/><input type=\"hidden\" name=\"_wpcf7_container_post\" value=\"0\" \/><input type=\"hidden\" name=\"_wpcf7_posted_data_hash\" value=\"\" \/><input type=\"hidden\" name=\"_wpcf7_recaptcha_response\" value=\"\" \/>\n<\/fieldset>\n<span class=\"wpcf7-form-control-wrap\" data-name=\"your-email\"><input size=\"40\" maxlength=\"400\" class=\"wpcf7-form-control wpcf7-email wpcf7-validates-as-required wpcf7-text wpcf7-validates-as-email\" autocomplete=\"email\" aria-required=\"true\" aria-invalid=\"false\" placeholder=\"Email\" value=\"\" type=\"email\" name=\"your-email\" \/><\/span>\n<div class=\"btn-icon c4\">\n<button type=\"submit\"><\/button>\n<\/div><div class=\"wpcf7-response-output\" aria-hidden=\"true\"><\/div>\n<\/form>\n<\/div>\n[\/vc_column][\/vc_row][\/vc_section]<\/p>\n<\/div>","protected":false},"excerpt":{"rendered":"<p>[vc_section full_width=\u00a0\u00bbstretch_row\u00a0\u00bb el_class=\u00a0\u00bbblock-22 c1-bg\u00a0\u00bb][vc_row full_width=\u00a0\u00bbstretch_row\u00a0\u00bb css=\u00a0\u00bb.vc_custom_1696239619653{background-image: url(https:\/\/familleaudibert.com\/wp-content\/uploads\/2023\/10\/Header-2.jpg?id=415) !important;background-position: center !important;background-repeat: no-repeat !important;background-size: cover !important;}\u00a0\u00bb el_class=\u00a0\u00bbheading-row\u00a0\u00bb][vc_column][vc_column_text el_class=\u00a0\u00bbbreadcrumbs\u00a0\u00bb][\/vc_column_text][vc_column_text el_class=\u00a0\u00bbsection-title\u00a0\u00bb]LES VINS[\/vc_column_text][\/vc_column][\/vc_row][vc_row el_class=\u00a0\u00bbscroll-row\u00a0\u00bb][vc_column][vc_column_text el_class=\u00a0\u00bbscroll-text\u00a0\u00bb] D\u00e9couvrez nos vins [\/vc_column_text][\/vc_column][\/vc_row][\/vc_section][vc_section full_width=\u00a0\u00bbstretch_row\u00a0\u00bb el_class=\u00a0\u00bbblock-1 v-2-text-right c1-bg\u00a0\u00bb][vc_row equal_height=\u00a0\u00bbyes\u00a0\u00bb][vc_column width=\u00a0\u00bb1\/2&Prime; el_class=\u00a0\u00bbmy-col-1&Prime;][vc_row_inner equal_height=\u00a0\u00bbyes\u00a0\u00bb][vc_column_inner el_class=\u00a0\u00bbmy-sub-col-1&Prime; width=\u00a0\u00bb1\/2&Prime;][vc_single_image image=\u00a0\u00bb301&Prime; img_size=\u00a0\u00bbfull\u00a0\u00bb][\/vc_column_inner][vc_column_inner el_class=\u00a0\u00bbmy-sub-col-2&Prime; width=\u00a0\u00bb1\/2&Prime;][vc_single_image image=\u00a0\u00bb280&Prime; img_size=\u00a0\u00bbfull\u00a0\u00bb][\/vc_column_inner][\/vc_row_inner][\/vc_column][vc_column width=\u00a0\u00bb1\/2&Prime; el_class=\u00a0\u00bbmy-col-2&Prime;][vc_column_text el_class=\u00a0\u00bbtitle\u00a0\u00bb]notre philosophie[\/vc_column_text][vc_column_text el_class=\u00a0\u00bbtext\u00a0\u00bb]Pour produire de grands vins nous croyons au mariage harmonieux d\u2019un [&hellip;]<\/p>\n","protected":false},"author":1,"featured_media":0,"parent":0,"menu_order":0,"comment_status":"closed","ping_status":"closed","template":"","meta":{"_acf_changed":false,"footnotes":""},"class_list":["post-179","page","type-page","status-publish","hentry"],"acf":[],"yoast_head":"<!-- This site is optimized with the Yoast SEO plugin v27.3 - https:\/\/yoast.com\/product\/yoast-seo-wordpress\/ -->\n<title>Les Vins - pavillon-mercurol<\/title>\n<meta name=\"robots\" content=\"index, follow, max-snippet:-1, max-image-preview:large, max-video-preview:-1\" \/>\n<link rel=\"canonical\" href=\"https:\/\/pavillon-mercurol.com\/products\/\" \/>\n<meta property=\"og:locale\" content=\"fr_FR\" \/>\n<meta property=\"og:type\" content=\"article\" \/>\n<meta property=\"og:title\" content=\"Les Vins - pavillon-mercurol\" \/>\n<meta property=\"og:description\" content=\"[vc_section full_width=\u00a0\u00bbstretch_row\u00a0\u00bb el_class=\u00a0\u00bbblock-22 c1-bg\u00a0\u00bb][vc_row full_width=\u00a0\u00bbstretch_row\u00a0\u00bb css=\u00a0\u00bb.vc_custom_1696239619653{background-image: url(https:\/\/familleaudibert.com\/wp-content\/uploads\/2023\/10\/Header-2.jpg?id=415) !important;background-position: center !important;background-repeat: no-repeat !important;background-size: cover !important;}\u00a0\u00bb el_class=\u00a0\u00bbheading-row\u00a0\u00bb][vc_column][vc_column_text el_class=\u00a0\u00bbbreadcrumbs\u00a0\u00bb][\/vc_column_text][vc_column_text el_class=\u00a0\u00bbsection-title\u00a0\u00bb]LES VINS[\/vc_column_text][\/vc_column][\/vc_row][vc_row el_class=\u00a0\u00bbscroll-row\u00a0\u00bb][vc_column][vc_column_text el_class=\u00a0\u00bbscroll-text\u00a0\u00bb] D\u00e9couvrez nos vins [\/vc_column_text][\/vc_column][\/vc_row][\/vc_section][vc_section full_width=\u00a0\u00bbstretch_row\u00a0\u00bb el_class=\u00a0\u00bbblock-1 v-2-text-right c1-bg\u00a0\u00bb][vc_row equal_height=\u00a0\u00bbyes\u00a0\u00bb][vc_column width=\u00a0\u00bb1\/2&Prime; el_class=\u00a0\u00bbmy-col-1&Prime;][vc_row_inner equal_height=\u00a0\u00bbyes\u00a0\u00bb][vc_column_inner el_class=\u00a0\u00bbmy-sub-col-1&Prime; width=\u00a0\u00bb1\/2&Prime;][vc_single_image image=\u00a0\u00bb301&Prime; img_size=\u00a0\u00bbfull\u00a0\u00bb][\/vc_column_inner][vc_column_inner el_class=\u00a0\u00bbmy-sub-col-2&Prime; width=\u00a0\u00bb1\/2&Prime;][vc_single_image image=\u00a0\u00bb280&Prime; img_size=\u00a0\u00bbfull\u00a0\u00bb][\/vc_column_inner][\/vc_row_inner][\/vc_column][vc_column width=\u00a0\u00bb1\/2&Prime; el_class=\u00a0\u00bbmy-col-2&Prime;][vc_column_text el_class=\u00a0\u00bbtitle\u00a0\u00bb]notre philosophie[\/vc_column_text][vc_column_text el_class=\u00a0\u00bbtext\u00a0\u00bb]Pour produire de grands vins nous croyons au mariage harmonieux d\u2019un [&hellip;]\" \/>\n<meta property=\"og:url\" content=\"https:\/\/pavillon-mercurol.com\/products\/\" \/>\n<meta property=\"og:site_name\" content=\"pavillon-mercurol\" \/>\n<meta property=\"article:modified_time\" content=\"2023-12-05T16:34:29+00:00\" \/>\n<meta name=\"twitter:card\" content=\"summary_large_image\" \/>\n<meta name=\"twitter:label1\" content=\"Dur\u00e9e de lecture estim\u00e9e\" \/>\n\t<meta name=\"twitter:data1\" content=\"2 minutes\" \/>\n<script type=\"application\/ld+json\" class=\"yoast-schema-graph\">{\"@context\":\"https:\\\/\\\/schema.org\",\"@graph\":[{\"@type\":\"WebPage\",\"@id\":\"https:\\\/\\\/pavillon-mercurol.com\\\/products\\\/\",\"url\":\"https:\\\/\\\/pavillon-mercurol.com\\\/products\\\/\",\"name\":\"Les Vins - pavillon-mercurol\",\"isPartOf\":{\"@id\":\"https:\\\/\\\/pavillon-mercurol.com\\\/#website\"},\"datePublished\":\"2023-10-10T07:40:19+00:00\",\"dateModified\":\"2023-12-05T16:34:29+00:00\",\"breadcrumb\":{\"@id\":\"https:\\\/\\\/pavillon-mercurol.com\\\/products\\\/#breadcrumb\"},\"inLanguage\":\"fr-FR\",\"potentialAction\":[{\"@type\":\"ReadAction\",\"target\":[\"https:\\\/\\\/pavillon-mercurol.com\\\/products\\\/\"]}]},{\"@type\":\"BreadcrumbList\",\"@id\":\"https:\\\/\\\/pavillon-mercurol.com\\\/products\\\/#breadcrumb\",\"itemListElement\":[{\"@type\":\"ListItem\",\"position\":1,\"name\":\"Home\",\"item\":\"https:\\\/\\\/pavillon-mercurol.com\\\/fr\\\/\"},{\"@type\":\"ListItem\",\"position\":2,\"name\":\"Les Vins\"}]},{\"@type\":\"WebSite\",\"@id\":\"https:\\\/\\\/pavillon-mercurol.com\\\/#website\",\"url\":\"https:\\\/\\\/pavillon-mercurol.com\\\/\",\"name\":\"pavillon-mercurol\",\"description\":\"\",\"potentialAction\":[{\"@type\":\"SearchAction\",\"target\":{\"@type\":\"EntryPoint\",\"urlTemplate\":\"https:\\\/\\\/pavillon-mercurol.com\\\/?s={search_term_string}\"},\"query-input\":{\"@type\":\"PropertyValueSpecification\",\"valueRequired\":true,\"valueName\":\"search_term_string\"}}],\"inLanguage\":\"fr-FR\"}]}<\/script>\n<!-- \/ Yoast SEO plugin. -->","yoast_head_json":{"title":"Les Vins - pavillon-mercurol","robots":{"index":"index","follow":"follow","max-snippet":"max-snippet:-1","max-image-preview":"max-image-preview:large","max-video-preview":"max-video-preview:-1"},"canonical":"https:\/\/pavillon-mercurol.com\/products\/","og_locale":"fr_FR","og_type":"article","og_title":"Les Vins - pavillon-mercurol","og_description":"[vc_section full_width=\u00a0\u00bbstretch_row\u00a0\u00bb el_class=\u00a0\u00bbblock-22 c1-bg\u00a0\u00bb][vc_row full_width=\u00a0\u00bbstretch_row\u00a0\u00bb css=\u00a0\u00bb.vc_custom_1696239619653{background-image: url(https:\/\/familleaudibert.com\/wp-content\/uploads\/2023\/10\/Header-2.jpg?id=415) !important;background-position: center !important;background-repeat: no-repeat !important;background-size: cover !important;}\u00a0\u00bb el_class=\u00a0\u00bbheading-row\u00a0\u00bb][vc_column][vc_column_text el_class=\u00a0\u00bbbreadcrumbs\u00a0\u00bb][\/vc_column_text][vc_column_text el_class=\u00a0\u00bbsection-title\u00a0\u00bb]LES VINS[\/vc_column_text][\/vc_column][\/vc_row][vc_row el_class=\u00a0\u00bbscroll-row\u00a0\u00bb][vc_column][vc_column_text el_class=\u00a0\u00bbscroll-text\u00a0\u00bb] D\u00e9couvrez nos vins [\/vc_column_text][\/vc_column][\/vc_row][\/vc_section][vc_section full_width=\u00a0\u00bbstretch_row\u00a0\u00bb el_class=\u00a0\u00bbblock-1 v-2-text-right c1-bg\u00a0\u00bb][vc_row equal_height=\u00a0\u00bbyes\u00a0\u00bb][vc_column width=\u00a0\u00bb1\/2&Prime; el_class=\u00a0\u00bbmy-col-1&Prime;][vc_row_inner equal_height=\u00a0\u00bbyes\u00a0\u00bb][vc_column_inner el_class=\u00a0\u00bbmy-sub-col-1&Prime; width=\u00a0\u00bb1\/2&Prime;][vc_single_image image=\u00a0\u00bb301&Prime; img_size=\u00a0\u00bbfull\u00a0\u00bb][\/vc_column_inner][vc_column_inner el_class=\u00a0\u00bbmy-sub-col-2&Prime; width=\u00a0\u00bb1\/2&Prime;][vc_single_image image=\u00a0\u00bb280&Prime; img_size=\u00a0\u00bbfull\u00a0\u00bb][\/vc_column_inner][\/vc_row_inner][\/vc_column][vc_column width=\u00a0\u00bb1\/2&Prime; el_class=\u00a0\u00bbmy-col-2&Prime;][vc_column_text el_class=\u00a0\u00bbtitle\u00a0\u00bb]notre philosophie[\/vc_column_text][vc_column_text el_class=\u00a0\u00bbtext\u00a0\u00bb]Pour produire de grands vins nous croyons au mariage harmonieux d\u2019un [&hellip;]","og_url":"https:\/\/pavillon-mercurol.com\/products\/","og_site_name":"pavillon-mercurol","article_modified_time":"2023-12-05T16:34:29+00:00","twitter_card":"summary_large_image","twitter_misc":{"Dur\u00e9e de lecture estim\u00e9e":"2 minutes"},"schema":{"@context":"https:\/\/schema.org","@graph":[{"@type":"WebPage","@id":"https:\/\/pavillon-mercurol.com\/products\/","url":"https:\/\/pavillon-mercurol.com\/products\/","name":"Les Vins - pavillon-mercurol","isPartOf":{"@id":"https:\/\/pavillon-mercurol.com\/#website"},"datePublished":"2023-10-10T07:40:19+00:00","dateModified":"2023-12-05T16:34:29+00:00","breadcrumb":{"@id":"https:\/\/pavillon-mercurol.com\/products\/#breadcrumb"},"inLanguage":"fr-FR","potentialAction":[{"@type":"ReadAction","target":["https:\/\/pavillon-mercurol.com\/products\/"]}]},{"@type":"BreadcrumbList","@id":"https:\/\/pavillon-mercurol.com\/products\/#breadcrumb","itemListElement":[{"@type":"ListItem","position":1,"name":"Home","item":"https:\/\/pavillon-mercurol.com\/fr\/"},{"@type":"ListItem","position":2,"name":"Les Vins"}]},{"@type":"WebSite","@id":"https:\/\/pavillon-mercurol.com\/#website","url":"https:\/\/pavillon-mercurol.com\/","name":"pavillon-mercurol","description":"","potentialAction":[{"@type":"SearchAction","target":{"@type":"EntryPoint","urlTemplate":"https:\/\/pavillon-mercurol.com\/?s={search_term_string}"},"query-input":{"@type":"PropertyValueSpecification","valueRequired":true,"valueName":"search_term_string"}}],"inLanguage":"fr-FR"}]}},"_links":{"self":[{"href":"https:\/\/pavillon-mercurol.com\/fr\/wp-json\/wp\/v2\/pages\/179","targetHints":{"allow":["GET"]}}],"collection":[{"href":"https:\/\/pavillon-mercurol.com\/fr\/wp-json\/wp\/v2\/pages"}],"about":[{"href":"https:\/\/pavillon-mercurol.com\/fr\/wp-json\/wp\/v2\/types\/page"}],"author":[{"embeddable":true,"href":"https:\/\/pavillon-mercurol.com\/fr\/wp-json\/wp\/v2\/users\/1"}],"replies":[{"embeddable":true,"href":"https:\/\/pavillon-mercurol.com\/fr\/wp-json\/wp\/v2\/comments?post=179"}],"version-history":[{"count":3,"href":"https:\/\/pavillon-mercurol.com\/fr\/wp-json\/wp\/v2\/pages\/179\/revisions"}],"predecessor-version":[{"id":308,"href":"https:\/\/pavillon-mercurol.com\/fr\/wp-json\/wp\/v2\/pages\/179\/revisions\/308"}],"wp:attachment":[{"href":"https:\/\/pavillon-mercurol.com\/fr\/wp-json\/wp\/v2\/media?parent=179"}],"curies":[{"name":"wp","href":"https:\/\/api.w.org\/{rel}","templated":true}]}}