{"id":181,"date":"2023-10-10T07:40:03","date_gmt":"2023-10-10T07:40:03","guid":{"rendered":"https:\/\/pavillon-mercurol.com\/le-domaine\/"},"modified":"2025-02-04T09:28:36","modified_gmt":"2025-02-04T09:28:36","slug":"le-domaine","status":"publish","type":"page","link":"https:\/\/pavillon-mercurol.com\/fr\/le-domaine\/","title":{"rendered":"Le domaine"},"content":{"rendered":"<div class=\"wpb-content-wrapper\"><p>[vc_section full_width=\u00a0\u00bbstretch_row\u00a0\u00bb el_class=\u00a0\u00bbblock-22 c1-bg\u00a0\u00bb][vc_row full_width=\u00a0\u00bbstretch_row\u00a0\u00bb css=\u00a0\u00bb.vc_custom_1705488646385{background-image: url(https:\/\/pavillon-mercurol.com\/wp-content\/uploads\/sites\/4\/2024\/01\/Photo-271-scaled-e1705488636305.jpg?id=420) !important;background-position: center !important;background-repeat: no-repeat !important;background-size: cover !important;}\u00a0\u00bb el_class=\u00a0\u00bbheading-row\u00a0\u00bb][vc_column][vc_column_text el_class=\u00a0\u00bbbreadcrumbs\u00a0\u00bb]<span><span><a href=\"https:\/\/pavillon-mercurol.com\/fr\/\">Home<\/a><\/span><\/span>[\/vc_column_text][vc_column_text el_class=\u00a0\u00bbsection-title\u00a0\u00bb]<span class=\"f1\">LE DOMAINE<\/span>[\/vc_column_text][\/vc_column][\/vc_row][vc_row el_class=\u00a0\u00bbscroll-row\u00a0\u00bb][vc_column][vc_column_text el_class=\u00a0\u00bbscroll-text\u00a0\u00bb]<\/p>\n<p style=\"text-align: center;\"><span class=\"f1\"><span class=\"f1 c3\">D\u00e9couvrez<\/span> <span class=\"f1 c4\">nos vins<\/span><\/span><\/p>\n<p>[\/vc_column_text][\/vc_column][\/vc_row][\/vc_section][vc_section full_width=\u00a0\u00bbstretch_row\u00a0\u00bb el_class=\u00a0\u00bbblock-9-v2-small-img c1-bg\u00a0\u00bb][vc_row equal_height=\u00a0\u00bbyes\u00a0\u00bb content_placement=\u00a0\u00bbmiddle\u00a0\u00bb][vc_column width=\u00a0\u00bb1\/2&Prime; el_class=\u00a0\u00bbtext-col\u00a0\u00bb][vc_column_text el_class=\u00a0\u00bbtitle\u00a0\u00bb]<span class=\"f1 c3\">L\u2019histoire<\/span>[\/vc_column_text][vc_column_text css=\u00a0\u00bb\u00a0\u00bb el_class=\u00a0\u00bbtext\u00a0\u00bb]<span class=\"f2\">Avant d&rsquo;\u00eatre un vignoble, le Domaine du Pavillon arborait \u00e0 l&rsquo;\u00e9poque des centaines d&rsquo;arbres fruitiers qui peu \u00e0 peu laiss\u00e8rent place \u00e0 la vigne. Dans les ann\u00e9es 60, la ferme Dr\u00f4moise est transform\u00e9e en chai \u00e0 barriques o\u00f9 sont alors produites les premi\u00e8res cuv\u00e9es du Domaine. Suite \u00e0 la rencontre entre 2 hommes : St\u00e9phane Cornu le propri\u00e9taire et Michel Audibert, tous deux vignerons et passionn\u00e9es de vins de caract\u00e8re, l\u2019histoire se transforme. Apr\u00e8s plusieurs ann\u00e9es de proche collaboration, le Domaine devient propri\u00e9t\u00e9 de la <a href=\"http:\/\/www.familleaudibert.com\">famille Audibert<\/a>, vignerons de p\u00e8re en fils dans le Pays d\u2019Aix depuis cinq g\u00e9n\u00e9rations.<\/span><\/p>\n<p><span class=\"f2\">C&rsquo;est aujourd&rsquo;hui Guillaume Peu et JP Meuwesen, avec le soutien de la Famille Audibert, qui g\u00e8re le vignoble, et participe \u00e0 l\u2019\u00e9laboration des deux cuv\u00e9es g\u00e9n\u00e9reuses et gourmandes du Domaine du Pavillon.<\/span><\/p>\n<p><span class=\"f2\">Lieu charg\u00e9 d\u2019histoire, le Domaine abrite en effet un Pavillon de chasse r\u00e9pertori\u00e9 sur le cadastre de Napol\u00e9on 1er et qui lui donne aujourd\u2019hui son nom.<\/span>[\/vc_column_text][\/vc_column][vc_column width=\u00a0\u00bb1\/2&Prime; el_class=\u00a0\u00bbimg-col\u00a0\u00bb][vc_single_image image=\u00a0\u00bb207&Prime; img_size=\u00a0\u00bbfull\u00a0\u00bb el_class=\u00a0\u00bbimg-1&Prime;][vc_single_image image=\u00a0\u00bb330&Prime; img_size=\u00a0\u00bbfull\u00a0\u00bb el_class=\u00a0\u00bbimg-2&Prime;][\/vc_column][\/vc_row][\/vc_section][vc_section full_width=\u00a0\u00bbstretch_row\u00a0\u00bb el_class=\u00a0\u00bbblock-2-v2 c1-bg\u00a0\u00bb][vc_row][vc_column][vc_column_text el_class=\u00a0\u00bbtext\u00a0\u00bb]<\/p>\n<p style=\"text-align: center;\"><span class=\"f2 f1 c4\">Les vignes du Domaine du Pavillon s&rsquo;\u00e9tendent sur les coteaux de la grande appellation Crozes-Hermitage, profitant d&rsquo;un terroir somptueux propice \u00e0 des vins de caract\u00e8re.<\/span><\/p>\n<p>[\/vc_column_text][\/vc_column][\/vc_row][\/vc_section][vc_section full_width=\u00a0\u00bbstretch_row\u00a0\u00bb el_class=\u00a0\u00bbblock-1 v-1-text-right c1-bg\u00a0\u00bb][vc_row equal_height=\u00a0\u00bbyes\u00a0\u00bb][vc_column width=\u00a0\u00bb1\/2&Prime; el_class=\u00a0\u00bbmy-col-1&Prime;][vc_row_inner equal_height=\u00a0\u00bbyes\u00a0\u00bb][vc_column_inner el_class=\u00a0\u00bbmy-sub-col-1&Prime; width=\u00a0\u00bb1\/2&Prime;][vc_single_image image=\u00a0\u00bb301&Prime; img_size=\u00a0\u00bbfull\u00a0\u00bb][\/vc_column_inner][vc_column_inner el_class=\u00a0\u00bbmy-sub-col-2&Prime; width=\u00a0\u00bb1\/2&Prime;][vc_single_image image=\u00a0\u00bb224&Prime; img_size=\u00a0\u00bbfull\u00a0\u00bb][\/vc_column_inner][\/vc_row_inner][\/vc_column][vc_column width=\u00a0\u00bb1\/2&Prime; el_class=\u00a0\u00bbmy-col-2&Prime;][vc_column_text el_class=\u00a0\u00bbtitle\u00a0\u00bb]<span class=\"f1 c3\">le<\/span><br \/>\n<span class=\"f1 c4\">terroir<\/span>[\/vc_column_text][vc_column_text el_class=\u00a0\u00bbtext\u00a0\u00bb]<span class=\"f2\">Perp\u00e9tuant la tradition des grands crus de la Vall\u00e9e du Rh\u00f4ne septentrionale, le vignoble qui s\u2019\u00e9tend sur 14 hectares sur l&rsquo;appellation Crozes-Hermitage compte une grande majorit\u00e9 de syrah, dont certaines de 40 ans d\u2019\u00e2ge mont\u00e9es sur \u00e9chalas, et quelques parcelles de roussanne et marsanne r\u00e9parties sur 2 hectares.<\/span><\/p>\n<p><span class=\"f2\">Le vignoble est compos\u00e9 de vignes plant\u00e9es en coteaux expos\u00e9s sud-ouest, et d\u2019autres en plaine conduites avec une technique ancestrale d\u2019ombrage naturel, o\u00f9 les raisins prot\u00e9g\u00e9s du soleil m\u00fbrissent \u00e0 l\u2019ombre de leurs propres feuilles.<\/span><\/p>\n<p><span class=\"f2\">Cultiv\u00e9es sur un sol filtrant et tr\u00e8s caillouteux, nos raisins profitent d\u2019une amplitude thermique diurne faible gr\u00e2ce aux immenses cailloux et cailloutis roul\u00e9s qui emmagasinent la chaleur le jour et la restituent la nuit. Le Mistral, tr\u00e8s puissant dans cette r\u00e9gion, permet \u00e9galement de garder une atmosph\u00e8re plus s\u00e8che et ventil\u00e9e propice \u00e0 des raisins bien portants et des vins concentr\u00e9s.<\/span>[\/vc_column_text][\/vc_column][\/vc_row][\/vc_section][vc_section full_width=\u00a0\u00bbstretch_row\u00a0\u00bb el_class=\u00a0\u00bbblock-11 c1-bg\u00a0\u00bb][vc_row gap=\u00a0\u00bb20&Prime; equal_height=\u00a0\u00bbyes\u00a0\u00bb el_class=\u00a0\u00bbmy-row\u00a0\u00bb][vc_column width=\u00a0\u00bb1\/2&Prime; el_class=\u00a0\u00bbmy-col\u00a0\u00bb][vc_column_text el_class=\u00a0\u00bbtitle\u00a0\u00bb]<span class=\"f1 c4\">Les Ch\u00e2ssis<\/span>[\/vc_column_text][vc_column_text css=\u00a0\u00bb\u00a0\u00bb el_class=\u00a0\u00bbtext\u00a0\u00bb]<span class=\"f2\"> Situ\u00e9e au sud de l\u2019appellation Crozes-Hermitage, la zone des Ch\u00e2ssis est r\u00e9put\u00e9e pour ses sols alluvionnaires compos\u00e9s de galets roul\u00e9s, de sables et d\u2019argiles. Ce terroir, influenc\u00e9 par un climat m\u00e9diterran\u00e9en avec des influences continentales, offre des conditions id\u00e9ales pour la Syrah, c\u00e9page roi de l\u2019appellation, ainsi que pour la Marsanne et la Roussanne en blanc.<\/span><\/p>\n<p><span class=\"f2\">Les vins issus des Ch\u00e2ssis se distinguent par leur \u00e9quilibre entre puissance et \u00e9l\u00e9gance, avec des ar\u00f4mes de fruits noirs, d\u2019\u00e9pices et une belle fra\u00eecheur qui refl\u00e8te toute la finesse de ce terroir unique.<\/span>[\/vc_column_text][\/vc_column][vc_column width=\u00a0\u00bb1\/2&Prime; el_class=\u00a0\u00bbmy-col\u00a0\u00bb][vc_column_text css=\u00a0\u00bb\u00a0\u00bb el_class=\u00a0\u00bbtitle\u00a0\u00bb]<span class=\"f1 c4\">Les Collines<\/span>[\/vc_column_text][vc_column_text css=\u00a0\u00bb\u00a0\u00bb el_class=\u00a0\u00bbtext\u00a0\u00bb]<span class=\"f2\">\u00c0 l\u2019est de l\u2019appellation Crozes-Hermitage, les Collines offrent un terroir contrast\u00e9, marqu\u00e9 par des coteaux aux sols argilo-calcaires et granitiques. L\u2019altitude apporte une fra\u00eecheur naturelle, permettant une maturation progressive des raisins et une belle expression aromatique.<\/span><\/p>\n<p><span class=\"f2\">Ce terroir donne naissance \u00e0 des vins \u00e9l\u00e9gants et rac\u00e9s, o\u00f9 la Syrah r\u00e9v\u00e8le des notes de fruits rouges, de violette et d\u2019\u00e9pices, avec une belle tension et une structure raffin\u00e9e.<\/span>[\/vc_column_text][\/vc_column][\/vc_row][\/vc_section][vc_section full_width=\u00a0\u00bbstretch_row\u00a0\u00bb el_class=\u00a0\u00bbblock-4-v2 c1-bg\u00a0\u00bb][vc_row equal_height=\u00a0\u00bbyes\u00a0\u00bb][vc_column width=\u00a0\u00bb1\/2&Prime; el_class=\u00a0\u00bbimg-col\u00a0\u00bb][vc_single_image image=\u00a0\u00bb433&Prime; img_size=\u00a0\u00bbfull\u00a0\u00bb el_class=\u00a0\u00bbimg-1&Prime;][vc_single_image image=\u00a0\u00bb449&Prime; img_size=\u00a0\u00bbfull\u00a0\u00bb el_class=\u00a0\u00bbimg-2&Prime;][\/vc_column][vc_column width=\u00a0\u00bb1\/2&Prime; el_class=\u00a0\u00bbtext-col\u00a0\u00bb][vc_column_text el_class=\u00a0\u00bbtitle\u00a0\u00bb]<span class=\"f1 c3\">Le<\/span><br \/>\n<span class=\"f1 c4\">vigneron<\/span>[\/vc_column_text][vc_column_text css=\u00a0\u00bb\u00a0\u00bb el_class=\u00a0\u00bbtext\u00a0\u00bb]<span class=\"f2\">JP Meuwesen<\/span><br \/>\n<span class=\"f2\">Vigneron du Domaine du Pavillon <\/span><\/p>\n<p><span class=\"f2\">Originaire d\u2019une grande r\u00e9gion viticole, JP est un passionn\u00e9 de vin et un fin connaisseur de l\u2019appellation Crozes-Hermitage. Il affectionne particuli\u00e8rement ces vins de caract\u00e8re, o\u00f9 la Syrah exprime toute sa richesse entre \u00e9l\u00e9gance et intensit\u00e9.<\/span><\/p>\n<p><span class=\"f2\">Pour lui, le vin est bien plus qu\u2019un m\u00e9tier : c\u2019est une fa\u00e7on de se connecter au monde, d\u2019interagir avec la nature et de partager des \u00e9motions \u00e0 travers chaque bouteille.<\/span><\/p>\n<p><span class=\"f2\">Sa vision ? \u00ab \u00c9laborer des vins authentiques et savoureux en limitant les intrants, avec une approche respectueuse de la nature. Engag\u00e9 dans une conversion biologique, il veille \u00e0 favoriser la biodiversit\u00e9 et l\u2019\u00e9quilibre des sols pour exprimer au mieux le terroir. \u00bb<\/span>[\/vc_column_text][\/vc_column][\/vc_row][\/vc_section][vc_section full_width=\u00a0\u00bbstretch_row\u00a0\u00bb el_class=\u00a0\u00bbblock-1 v-2-text-left c1-bg\u00a0\u00bb][vc_row equal_height=\u00a0\u00bbyes\u00a0\u00bb][vc_column width=\u00a0\u00bb1\/2&Prime; el_class=\u00a0\u00bbmy-col-2&Prime;][vc_column_text el_class=\u00a0\u00bbtitle\u00a0\u00bb]<span class=\"f1 c3\">notre<\/span><br \/>\n<span class=\"f1 c4\">philosophie bio<\/span>[\/vc_column_text][vc_column_text el_class=\u00a0\u00bbtext\u00a0\u00bb]<span class=\"f2\">Malgr\u00e9 les conditions climatiques compliqu\u00e9es, nous nous engageons \u00e0 conduire le vignoble dans le respect de sa terre et de la nature environnante, avec une d\u00e9marche de conversion en agriculture biologique pour le mill\u00e9sime 2025.<\/span>[\/vc_column_text][\/vc_column][vc_column width=\u00a0\u00bb1\/2&Prime; el_class=\u00a0\u00bbmy-col-1&Prime;][vc_row_inner equal_height=\u00a0\u00bbyes\u00a0\u00bb][vc_column_inner el_class=\u00a0\u00bbmy-sub-col-2&Prime; width=\u00a0\u00bb1\/2&Prime;][vc_single_image image=\u00a0\u00bb278&Prime; img_size=\u00a0\u00bbfull\u00a0\u00bb][\/vc_column_inner][vc_column_inner el_class=\u00a0\u00bbmy-sub-col-1&Prime; width=\u00a0\u00bb1\/2&Prime;][vc_single_image image=\u00a0\u00bb297&Prime; img_size=\u00a0\u00bbfull\u00a0\u00bb][\/vc_column_inner][\/vc_row_inner][\/vc_column][\/vc_row][\/vc_section][vc_section full_width=\u00a0\u00bbstretch_row\u00a0\u00bb el_class=\u00a0\u00bbblock-8 c2-bg\u00a0\u00bb][vc_row equal_height=\u00a0\u00bbyes\u00a0\u00bb content_placement=\u00a0\u00bbmiddle\u00a0\u00bb][vc_column width=\u00a0\u00bb1\/2&Prime;][vc_column_text el_class=\u00a0\u00bbsection-title\u00a0\u00bb]<\/p>\n<p style=\"text-align: left;\"><span class=\"f1 c3\">abonnez-vous \u00e0 la<\/span><br \/>\n<span class=\"f1 c4\">newsletter<\/span><\/p>\n<p>[\/vc_column_text][\/vc_column][vc_column width=\u00a0\u00bb1\/2&Prime;][vc_column_text el_class=\u00a0\u00bbform-desc\u00a0\u00bb]<span class=\"f2\">Recevez en avant-premi\u00e8re toute notre actualit\u00e9 ainsi que des offres exceptionnelles toute l\u2019ann\u00e9e.<\/span>[\/vc_column_text]\n<div class=\"wpcf7 no-js\" id=\"wpcf7-f144-o1\" lang=\"en-US\" dir=\"ltr\" data-wpcf7-id=\"144\">\n<div class=\"screen-reader-response\"><p role=\"status\" aria-live=\"polite\" aria-atomic=\"true\"><\/p> <ul><\/ul><\/div>\n<form action=\"\/fr\/wp-json\/wp\/v2\/pages\/181#wpcf7-f144-o1\" method=\"post\" class=\"wpcf7-form init\" aria-label=\"Contact form\" novalidate=\"novalidate\" data-status=\"init\">\n<fieldset class=\"hidden-fields-container\"><input type=\"hidden\" name=\"_wpcf7\" value=\"144\" \/><input type=\"hidden\" name=\"_wpcf7_version\" value=\"6.1.5\" \/><input type=\"hidden\" name=\"_wpcf7_locale\" value=\"en_US\" \/><input type=\"hidden\" name=\"_wpcf7_unit_tag\" value=\"wpcf7-f144-o1\" \/><input type=\"hidden\" name=\"_wpcf7_container_post\" value=\"0\" \/><input type=\"hidden\" name=\"_wpcf7_posted_data_hash\" value=\"\" \/><input type=\"hidden\" name=\"_wpcf7_recaptcha_response\" value=\"\" \/>\n<\/fieldset>\n<span class=\"wpcf7-form-control-wrap\" data-name=\"your-email\"><input size=\"40\" maxlength=\"400\" class=\"wpcf7-form-control wpcf7-email wpcf7-validates-as-required wpcf7-text wpcf7-validates-as-email\" autocomplete=\"email\" aria-required=\"true\" aria-invalid=\"false\" placeholder=\"Email\" value=\"\" type=\"email\" name=\"your-email\" \/><\/span>\n<div class=\"btn-icon c4\">\n<button type=\"submit\"><\/button>\n<\/div><div class=\"wpcf7-response-output\" aria-hidden=\"true\"><\/div>\n<\/form>\n<\/div>\n[\/vc_column][\/vc_row][\/vc_section]<\/p>\n<\/div>","protected":false},"excerpt":{"rendered":"<p>[vc_section full_width=\u00a0\u00bbstretch_row\u00a0\u00bb el_class=\u00a0\u00bbblock-22 c1-bg\u00a0\u00bb][vc_row full_width=\u00a0\u00bbstretch_row\u00a0\u00bb css=\u00a0\u00bb.vc_custom_1705488646385{background-image: url(https:\/\/pavillon-mercurol.com\/wp-content\/uploads\/sites\/4\/2024\/01\/Photo-271-scaled-e1705488636305.jpg?id=420) !important;background-position: center !important;background-repeat: no-repeat !important;background-size: cover !important;}\u00a0\u00bb el_class=\u00a0\u00bbheading-row\u00a0\u00bb][vc_column][vc_column_text el_class=\u00a0\u00bbbreadcrumbs\u00a0\u00bb][\/vc_column_text][vc_column_text el_class=\u00a0\u00bbsection-title\u00a0\u00bb]LE DOMAINE[\/vc_column_text][\/vc_column][\/vc_row][vc_row el_class=\u00a0\u00bbscroll-row\u00a0\u00bb][vc_column][vc_column_text el_class=\u00a0\u00bbscroll-text\u00a0\u00bb] D\u00e9couvrez nos vins [\/vc_column_text][\/vc_column][\/vc_row][\/vc_section][vc_section full_width=\u00a0\u00bbstretch_row\u00a0\u00bb el_class=\u00a0\u00bbblock-9-v2-small-img c1-bg\u00a0\u00bb][vc_row equal_height=\u00a0\u00bbyes\u00a0\u00bb content_placement=\u00a0\u00bbmiddle\u00a0\u00bb][vc_column width=\u00a0\u00bb1\/2&Prime; el_class=\u00a0\u00bbtext-col\u00a0\u00bb][vc_column_text el_class=\u00a0\u00bbtitle\u00a0\u00bb]L\u2019histoire[\/vc_column_text][vc_column_text css=\u00a0\u00bb\u00a0\u00bb el_class=\u00a0\u00bbtext\u00a0\u00bb]Avant d&rsquo;\u00eatre un vignoble, le Domaine du Pavillon arborait \u00e0 l&rsquo;\u00e9poque des centaines d&rsquo;arbres fruitiers qui peu \u00e0 peu laiss\u00e8rent place \u00e0 [&hellip;]<\/p>\n","protected":false},"author":1,"featured_media":0,"parent":0,"menu_order":0,"comment_status":"closed","ping_status":"closed","template":"","meta":{"_acf_changed":false,"footnotes":""},"class_list":["post-181","page","type-page","status-publish","hentry"],"acf":[],"yoast_head":"<!-- This site is optimized with the Yoast SEO plugin v27.3 - https:\/\/yoast.com\/product\/yoast-seo-wordpress\/ -->\n<title>Le domaine - pavillon-mercurol<\/title>\n<meta name=\"robots\" content=\"index, follow, max-snippet:-1, max-image-preview:large, max-video-preview:-1\" \/>\n<link rel=\"canonical\" href=\"https:\/\/pavillon-mercurol.com\/fr\/le-domaine\/\" \/>\n<meta property=\"og:locale\" content=\"fr_FR\" \/>\n<meta property=\"og:type\" content=\"article\" \/>\n<meta property=\"og:title\" content=\"Le domaine - pavillon-mercurol\" \/>\n<meta property=\"og:description\" content=\"[vc_section full_width=\u00a0\u00bbstretch_row\u00a0\u00bb el_class=\u00a0\u00bbblock-22 c1-bg\u00a0\u00bb][vc_row full_width=\u00a0\u00bbstretch_row\u00a0\u00bb css=\u00a0\u00bb.vc_custom_1705488646385{background-image: url(https:\/\/pavillon-mercurol.com\/wp-content\/uploads\/sites\/4\/2024\/01\/Photo-271-scaled-e1705488636305.jpg?id=420) !important;background-position: center !important;background-repeat: no-repeat !important;background-size: cover !important;}\u00a0\u00bb el_class=\u00a0\u00bbheading-row\u00a0\u00bb][vc_column][vc_column_text el_class=\u00a0\u00bbbreadcrumbs\u00a0\u00bb][\/vc_column_text][vc_column_text el_class=\u00a0\u00bbsection-title\u00a0\u00bb]LE DOMAINE[\/vc_column_text][\/vc_column][\/vc_row][vc_row el_class=\u00a0\u00bbscroll-row\u00a0\u00bb][vc_column][vc_column_text el_class=\u00a0\u00bbscroll-text\u00a0\u00bb] D\u00e9couvrez nos vins [\/vc_column_text][\/vc_column][\/vc_row][\/vc_section][vc_section full_width=\u00a0\u00bbstretch_row\u00a0\u00bb el_class=\u00a0\u00bbblock-9-v2-small-img c1-bg\u00a0\u00bb][vc_row equal_height=\u00a0\u00bbyes\u00a0\u00bb content_placement=\u00a0\u00bbmiddle\u00a0\u00bb][vc_column width=\u00a0\u00bb1\/2&Prime; el_class=\u00a0\u00bbtext-col\u00a0\u00bb][vc_column_text el_class=\u00a0\u00bbtitle\u00a0\u00bb]L\u2019histoire[\/vc_column_text][vc_column_text css=\u00a0\u00bb\u00a0\u00bb el_class=\u00a0\u00bbtext\u00a0\u00bb]Avant d&rsquo;\u00eatre un vignoble, le Domaine du Pavillon arborait \u00e0 l&rsquo;\u00e9poque des centaines d&rsquo;arbres fruitiers qui peu \u00e0 peu laiss\u00e8rent place \u00e0 [&hellip;]\" \/>\n<meta property=\"og:url\" content=\"https:\/\/pavillon-mercurol.com\/fr\/le-domaine\/\" \/>\n<meta property=\"og:site_name\" content=\"pavillon-mercurol\" \/>\n<meta property=\"article:modified_time\" content=\"2025-02-04T09:28:36+00:00\" \/>\n<meta name=\"twitter:card\" content=\"summary_large_image\" \/>\n<meta name=\"twitter:label1\" content=\"Dur\u00e9e de lecture estim\u00e9e\" \/>\n\t<meta name=\"twitter:data1\" content=\"6 minutes\" \/>\n<script type=\"application\/ld+json\" class=\"yoast-schema-graph\">{\"@context\":\"https:\\\/\\\/schema.org\",\"@graph\":[{\"@type\":\"WebPage\",\"@id\":\"https:\\\/\\\/pavillon-mercurol.com\\\/fr\\\/le-domaine\\\/\",\"url\":\"https:\\\/\\\/pavillon-mercurol.com\\\/fr\\\/le-domaine\\\/\",\"name\":\"Le domaine - pavillon-mercurol\",\"isPartOf\":{\"@id\":\"https:\\\/\\\/pavillon-mercurol.com\\\/#website\"},\"datePublished\":\"2023-10-10T07:40:03+00:00\",\"dateModified\":\"2025-02-04T09:28:36+00:00\",\"breadcrumb\":{\"@id\":\"https:\\\/\\\/pavillon-mercurol.com\\\/fr\\\/le-domaine\\\/#breadcrumb\"},\"inLanguage\":\"fr-FR\",\"potentialAction\":[{\"@type\":\"ReadAction\",\"target\":[\"https:\\\/\\\/pavillon-mercurol.com\\\/fr\\\/le-domaine\\\/\"]}]},{\"@type\":\"BreadcrumbList\",\"@id\":\"https:\\\/\\\/pavillon-mercurol.com\\\/fr\\\/le-domaine\\\/#breadcrumb\",\"itemListElement\":[{\"@type\":\"ListItem\",\"position\":1,\"name\":\"Home\",\"item\":\"https:\\\/\\\/pavillon-mercurol.com\\\/fr\\\/\"},{\"@type\":\"ListItem\",\"position\":2,\"name\":\"Le domaine\"}]},{\"@type\":\"WebSite\",\"@id\":\"https:\\\/\\\/pavillon-mercurol.com\\\/#website\",\"url\":\"https:\\\/\\\/pavillon-mercurol.com\\\/\",\"name\":\"pavillon-mercurol\",\"description\":\"\",\"potentialAction\":[{\"@type\":\"SearchAction\",\"target\":{\"@type\":\"EntryPoint\",\"urlTemplate\":\"https:\\\/\\\/pavillon-mercurol.com\\\/?s={search_term_string}\"},\"query-input\":{\"@type\":\"PropertyValueSpecification\",\"valueRequired\":true,\"valueName\":\"search_term_string\"}}],\"inLanguage\":\"fr-FR\"}]}<\/script>\n<!-- \/ Yoast SEO plugin. -->","yoast_head_json":{"title":"Le domaine - pavillon-mercurol","robots":{"index":"index","follow":"follow","max-snippet":"max-snippet:-1","max-image-preview":"max-image-preview:large","max-video-preview":"max-video-preview:-1"},"canonical":"https:\/\/pavillon-mercurol.com\/fr\/le-domaine\/","og_locale":"fr_FR","og_type":"article","og_title":"Le domaine - pavillon-mercurol","og_description":"[vc_section full_width=\u00a0\u00bbstretch_row\u00a0\u00bb el_class=\u00a0\u00bbblock-22 c1-bg\u00a0\u00bb][vc_row full_width=\u00a0\u00bbstretch_row\u00a0\u00bb css=\u00a0\u00bb.vc_custom_1705488646385{background-image: url(https:\/\/pavillon-mercurol.com\/wp-content\/uploads\/sites\/4\/2024\/01\/Photo-271-scaled-e1705488636305.jpg?id=420) !important;background-position: center !important;background-repeat: no-repeat !important;background-size: cover !important;}\u00a0\u00bb el_class=\u00a0\u00bbheading-row\u00a0\u00bb][vc_column][vc_column_text el_class=\u00a0\u00bbbreadcrumbs\u00a0\u00bb][\/vc_column_text][vc_column_text el_class=\u00a0\u00bbsection-title\u00a0\u00bb]LE DOMAINE[\/vc_column_text][\/vc_column][\/vc_row][vc_row el_class=\u00a0\u00bbscroll-row\u00a0\u00bb][vc_column][vc_column_text el_class=\u00a0\u00bbscroll-text\u00a0\u00bb] D\u00e9couvrez nos vins [\/vc_column_text][\/vc_column][\/vc_row][\/vc_section][vc_section full_width=\u00a0\u00bbstretch_row\u00a0\u00bb el_class=\u00a0\u00bbblock-9-v2-small-img c1-bg\u00a0\u00bb][vc_row equal_height=\u00a0\u00bbyes\u00a0\u00bb content_placement=\u00a0\u00bbmiddle\u00a0\u00bb][vc_column width=\u00a0\u00bb1\/2&Prime; el_class=\u00a0\u00bbtext-col\u00a0\u00bb][vc_column_text el_class=\u00a0\u00bbtitle\u00a0\u00bb]L\u2019histoire[\/vc_column_text][vc_column_text css=\u00a0\u00bb\u00a0\u00bb el_class=\u00a0\u00bbtext\u00a0\u00bb]Avant d&rsquo;\u00eatre un vignoble, le Domaine du Pavillon arborait \u00e0 l&rsquo;\u00e9poque des centaines d&rsquo;arbres fruitiers qui peu \u00e0 peu laiss\u00e8rent place \u00e0 [&hellip;]","og_url":"https:\/\/pavillon-mercurol.com\/fr\/le-domaine\/","og_site_name":"pavillon-mercurol","article_modified_time":"2025-02-04T09:28:36+00:00","twitter_card":"summary_large_image","twitter_misc":{"Dur\u00e9e de lecture estim\u00e9e":"6 minutes"},"schema":{"@context":"https:\/\/schema.org","@graph":[{"@type":"WebPage","@id":"https:\/\/pavillon-mercurol.com\/fr\/le-domaine\/","url":"https:\/\/pavillon-mercurol.com\/fr\/le-domaine\/","name":"Le domaine - pavillon-mercurol","isPartOf":{"@id":"https:\/\/pavillon-mercurol.com\/#website"},"datePublished":"2023-10-10T07:40:03+00:00","dateModified":"2025-02-04T09:28:36+00:00","breadcrumb":{"@id":"https:\/\/pavillon-mercurol.com\/fr\/le-domaine\/#breadcrumb"},"inLanguage":"fr-FR","potentialAction":[{"@type":"ReadAction","target":["https:\/\/pavillon-mercurol.com\/fr\/le-domaine\/"]}]},{"@type":"BreadcrumbList","@id":"https:\/\/pavillon-mercurol.com\/fr\/le-domaine\/#breadcrumb","itemListElement":[{"@type":"ListItem","position":1,"name":"Home","item":"https:\/\/pavillon-mercurol.com\/fr\/"},{"@type":"ListItem","position":2,"name":"Le domaine"}]},{"@type":"WebSite","@id":"https:\/\/pavillon-mercurol.com\/#website","url":"https:\/\/pavillon-mercurol.com\/","name":"pavillon-mercurol","description":"","potentialAction":[{"@type":"SearchAction","target":{"@type":"EntryPoint","urlTemplate":"https:\/\/pavillon-mercurol.com\/?s={search_term_string}"},"query-input":{"@type":"PropertyValueSpecification","valueRequired":true,"valueName":"search_term_string"}}],"inLanguage":"fr-FR"}]}},"_links":{"self":[{"href":"https:\/\/pavillon-mercurol.com\/fr\/wp-json\/wp\/v2\/pages\/181","targetHints":{"allow":["GET"]}}],"collection":[{"href":"https:\/\/pavillon-mercurol.com\/fr\/wp-json\/wp\/v2\/pages"}],"about":[{"href":"https:\/\/pavillon-mercurol.com\/fr\/wp-json\/wp\/v2\/types\/page"}],"author":[{"embeddable":true,"href":"https:\/\/pavillon-mercurol.com\/fr\/wp-json\/wp\/v2\/users\/1"}],"replies":[{"embeddable":true,"href":"https:\/\/pavillon-mercurol.com\/fr\/wp-json\/wp\/v2\/comments?post=181"}],"version-history":[{"count":3,"href":"https:\/\/pavillon-mercurol.com\/fr\/wp-json\/wp\/v2\/pages\/181\/revisions"}],"predecessor-version":[{"id":469,"href":"https:\/\/pavillon-mercurol.com\/fr\/wp-json\/wp\/v2\/pages\/181\/revisions\/469"}],"wp:attachment":[{"href":"https:\/\/pavillon-mercurol.com\/fr\/wp-json\/wp\/v2\/media?parent=181"}],"curies":[{"name":"wp","href":"https:\/\/api.w.org\/{rel}","templated":true}]}}